{"id":1924,"date":"2025-08-08T09:30:40","date_gmt":"2025-08-08T14:30:40","guid":{"rendered":"https:\/\/growthlegalinfrastructure.com\/?page_id=1924"},"modified":"2026-03-16T15:44:56","modified_gmt":"2026-03-16T20:44:56","slug":"blog-juridico","status":"publish","type":"page","link":"https:\/\/growthlegalinfrastructure.com\/index.php\/blog-juridico\/","title":{"rendered":"Blog Jur\u00eddico"},"content":{"rendered":"\t\t<div data-elementor-type=\"wp-page\" data-elementor-id=\"1924\" class=\"elementor elementor-1924\" data-elementor-post-type=\"page\">\n\t\t\t\t\t\t<section class=\"elementor-section elementor-top-section elementor-element elementor-element-9f114da elementor-section-full_width elementor-section-height-min-height elementor-section-items-stretch elementor-section-content-bottom elementor-section-height-default\" data-id=\"9f114da\" data-element_type=\"section\" data-settings=\"{&quot;background_background&quot;:&quot;classic&quot;}\">\n\t\t\t\t\t\t\t<div class=\"elementor-background-overlay\"><\/div>\n\t\t\t\t\t\t\t<div class=\"elementor-container elementor-column-gap-default\">\n\t\t\t\t\t<div class=\"elementor-column elementor-col-100 elementor-top-column elementor-element elementor-element-e87d9a0\" data-id=\"e87d9a0\" data-element_type=\"column\" data-settings=\"{&quot;background_background&quot;:&quot;classic&quot;}\">\n\t\t\t<div class=\"elementor-widget-wrap elementor-element-populated\">\n\t\t\t\t\t<div class=\"elementor-background-overlay\"><\/div>\n\t\t\t\t\t\t<div class=\"elementor-element elementor-element-4068886 elementor-widget elementor-widget-heading\" data-id=\"4068886\" data-element_type=\"widget\" data-widget_type=\"heading.default\">\n\t\t\t\t<div class=\"elementor-widget-container\">\n\t\t\t\t\t<h2 class=\"elementor-heading-title elementor-size-default\">Blog t\u00e9cnico - Jur\u00eddico<\/h2>\t\t\t\t<\/div>\n\t\t\t\t<\/div>\n\t\t\t\t\t<\/div>\n\t\t<\/div>\n\t\t\t\t\t<\/div>\n\t\t<\/section>\n\t\t\t\t<section class=\"elementor-section elementor-top-section elementor-element elementor-element-0a142b8 elementor-section-height-min-height elementor-section-content-middle elementor-section-boxed elementor-section-height-default elementor-section-items-middle\" data-id=\"0a142b8\" data-element_type=\"section\" data-settings=\"{&quot;background_background&quot;:&quot;classic&quot;}\">\n\t\t\t\t\t\t<div class=\"elementor-container elementor-column-gap-default\">\n\t\t\t\t\t<div class=\"elementor-column elementor-col-100 elementor-top-column elementor-element elementor-element-3f70229\" data-id=\"3f70229\" data-element_type=\"column\" data-settings=\"{&quot;background_background&quot;:&quot;classic&quot;}\">\n\t\t\t<div class=\"elementor-widget-wrap elementor-element-populated\">\n\t\t\t\t\t\t<div class=\"elementor-element elementor-element-95a48b4 elementor-widget elementor-widget-heading\" data-id=\"95a48b4\" data-element_type=\"widget\" data-widget_type=\"heading.default\">\n\t\t\t\t<div class=\"elementor-widget-container\">\n\t\t\t\t\t<h2 class=\"elementor-heading-title elementor-size-default\">Estilo t\u00e9cnico - jur\u00eddico<\/h2>\t\t\t\t<\/div>\n\t\t\t\t<\/div>\n\t\t\t\t<div class=\"elementor-element elementor-element-711dedb elementor-widget elementor-widget-heading\" data-id=\"711dedb\" data-element_type=\"widget\" data-widget_type=\"heading.default\">\n\t\t\t\t<div class=\"elementor-widget-container\">\n\t\t\t\t\t<h2 class=\"elementor-heading-title elementor-size-default\">Contenidos legales con enfoque t\u00e9cnico para el mundo de la infraestructura<\/h2>\t\t\t\t<\/div>\n\t\t\t\t<\/div>\n\t\t\t\t<div class=\"elementor-element elementor-element-5fce8d7 elementor-widget elementor-widget-heading\" data-id=\"5fce8d7\" data-element_type=\"widget\" data-widget_type=\"heading.default\">\n\t\t\t\t<div class=\"elementor-widget-container\">\n\t\t\t\t\t<h2 class=\"elementor-heading-title elementor-size-default\">An\u00e1lisis especializados, opini\u00f3n jur\u00eddica estrat\u00e9gica y publicaciones educativas para operadores, contratistas y asesores del sector<\/h2>\t\t\t\t<\/div>\n\t\t\t\t<\/div>\n\t\t\t\t\t<\/div>\n\t\t<\/div>\n\t\t\t\t\t<\/div>\n\t\t<\/section>\n\t\t\t\t<section class=\"elementor-section elementor-top-section elementor-element elementor-element-a37661e elementor-section-height-min-height elementor-section-boxed elementor-section-height-default elementor-section-items-middle\" data-id=\"a37661e\" data-element_type=\"section\" data-settings=\"{&quot;background_background&quot;:&quot;classic&quot;}\">\n\t\t\t\t\t\t<div class=\"elementor-container elementor-column-gap-default\">\n\t\t\t\t\t<div class=\"elementor-column elementor-col-50 elementor-top-column elementor-element elementor-element-dd97ca9\" data-id=\"dd97ca9\" data-element_type=\"column\">\n\t\t\t<div class=\"elementor-widget-wrap elementor-element-populated\">\n\t\t\t\t\t\t<div class=\"elementor-element elementor-element-c344297 elementor-widget elementor-widget-image\" data-id=\"c344297\" data-element_type=\"widget\" data-widget_type=\"image.default\">\n\t\t\t\t<div class=\"elementor-widget-container\">\n\t\t\t\t\t\t\t\t\t\t\t\t\t\t\t<img fetchpriority=\"high\" decoding=\"async\" width=\"682\" height=\"1024\" src=\"https:\/\/growthlegalinfrastructure.com\/wp-content\/uploads\/2023\/10\/legal-right-justice-5211993-682x1024.jpg\" class=\"attachment-large size-large wp-image-314\" alt=\"legal, right, justice-5211993.jpg\" srcset=\"https:\/\/growthlegalinfrastructure.com\/wp-content\/uploads\/2023\/10\/legal-right-justice-5211993-682x1024.jpg 682w, https:\/\/growthlegalinfrastructure.com\/wp-content\/uploads\/2023\/10\/legal-right-justice-5211993-200x300.jpg 200w, https:\/\/growthlegalinfrastructure.com\/wp-content\/uploads\/2023\/10\/legal-right-justice-5211993-768x1152.jpg 768w, https:\/\/growthlegalinfrastructure.com\/wp-content\/uploads\/2023\/10\/legal-right-justice-5211993.jpg 853w\" sizes=\"(max-width: 682px) 100vw, 682px\" \/>\t\t\t\t\t\t\t\t\t\t\t\t\t\t\t<\/div>\n\t\t\t\t<\/div>\n\t\t\t\t\t<\/div>\n\t\t<\/div>\n\t\t\t\t<div class=\"elementor-column elementor-col-50 elementor-top-column elementor-element elementor-element-f511fef\" data-id=\"f511fef\" data-element_type=\"column\">\n\t\t\t<div class=\"elementor-widget-wrap elementor-element-populated\">\n\t\t\t\t\t\t<div class=\"elementor-element elementor-element-365cbae elementor-widget elementor-widget-heading\" data-id=\"365cbae\" data-element_type=\"widget\" data-widget_type=\"heading.default\">\n\t\t\t\t<div class=\"elementor-widget-container\">\n\t\t\t\t\t<h2 class=\"elementor-heading-title elementor-size-default\">Introducci\u00f3n<\/h2>\t\t\t\t<\/div>\n\t\t\t\t<\/div>\n\t\t\t\t<div class=\"elementor-element elementor-element-4c91819 elementor-widget elementor-widget-heading\" data-id=\"4c91819\" data-element_type=\"widget\" data-widget_type=\"heading.default\">\n\t\t\t\t<div class=\"elementor-widget-container\">\n\t\t\t\t\t<h2 class=\"elementor-heading-title elementor-size-default\">En Growth Legal Infrastructure creemos que el conocimiento jur\u00eddico debe ser compartido, debatido y actualizado constantemente. Por eso creamos este blog t\u00e9cnico-jur\u00eddico: un espacio donde publicamos art\u00edculos de alto valor profesional, <b>pensados para empresas, profesionales del sector infraestructura, abogados corporativos, entidades p\u00fablicas y contratistas que<\/b> enfrentan desaf\u00edos legales complejos.<\/h2>\t\t\t\t<\/div>\n\t\t\t\t<\/div>\n\t\t\t\t<div class=\"elementor-element elementor-element-1b00c44 elementor-widget elementor-widget-heading\" data-id=\"1b00c44\" data-element_type=\"widget\" data-widget_type=\"heading.default\">\n\t\t\t\t<div class=\"elementor-widget-container\">\n\t\t\t\t\t<h2 class=\"elementor-heading-title elementor-size-default\">Aqu\u00ed encontrar\u00e1s reflexiones, an\u00e1lisis normativos, comparaciones internacionales, explicaciones pr\u00e1cticas y actualizaciones clave sobre temas legales aplicados a proyectos APP, OxI, obras p\u00fablicas, log\u00edstica, resoluci\u00f3n de disputas y contrataci\u00f3n estatal.<\/h2>\t\t\t\t<\/div>\n\t\t\t\t<\/div>\n\t\t\t\t\t<\/div>\n\t\t<\/div>\n\t\t\t\t\t<\/div>\n\t\t<\/section>\n\t\t\t\t<section class=\"elementor-section elementor-top-section elementor-element elementor-element-89e84ac elementor-section-height-min-height elementor-section-boxed elementor-section-height-default elementor-section-items-middle\" data-id=\"89e84ac\" data-element_type=\"section\" data-settings=\"{&quot;background_background&quot;:&quot;classic&quot;}\">\n\t\t\t\t\t\t<div class=\"elementor-container elementor-column-gap-default\">\n\t\t\t\t\t<div class=\"elementor-column elementor-col-50 elementor-top-column elementor-element elementor-element-54353f2\" data-id=\"54353f2\" data-element_type=\"column\">\n\t\t\t<div class=\"elementor-widget-wrap elementor-element-populated\">\n\t\t\t\t\t\t<div class=\"elementor-element elementor-element-3f1d55c elementor-widget elementor-widget-heading\" data-id=\"3f1d55c\" data-element_type=\"widget\" data-widget_type=\"heading.default\">\n\t\t\t\t<div class=\"elementor-widget-container\">\n\t\t\t\t\t<h2 class=\"elementor-heading-title elementor-size-default\">Nuestro blog<\/h2>\t\t\t\t<\/div>\n\t\t\t\t<\/div>\n\t\t\t\t<div class=\"elementor-element elementor-element-932adbf elementor-widget elementor-widget-heading\" data-id=\"932adbf\" data-element_type=\"widget\" data-widget_type=\"heading.default\">\n\t\t\t\t<div class=\"elementor-widget-container\">\n\t\t\t\t\t<h2 class=\"elementor-heading-title elementor-size-default\">\u00bfQuieres mantenerte actualizado con an\u00e1lisis jur\u00eddicos estrat\u00e9gicos sobre el sector infraestructura?<\/h2>\t\t\t\t<\/div>\n\t\t\t\t<\/div>\n\t\t\t\t<div class=\"elementor-element elementor-element-6ad4cb8 elementor-widget elementor-widget-text-editor\" data-id=\"6ad4cb8\" data-element_type=\"widget\" data-widget_type=\"text-editor.default\">\n\t\t\t\t<div class=\"elementor-widget-container\">\n\t\t\t\t\t\t\t\t\t<p><span style=\"font-weight: 400;\">Suscr\u00edbete a nuestro bolet\u00edn y recibe cada nuevo art\u00edculo directamente en tu correo.<\/span><\/p>\t\t\t\t\t\t\t\t<\/div>\n\t\t\t\t<\/div>\n\t\t\t\t\t<\/div>\n\t\t<\/div>\n\t\t\t\t<div class=\"elementor-column elementor-col-50 elementor-top-column elementor-element elementor-element-28d469e\" data-id=\"28d469e\" data-element_type=\"column\" data-settings=\"{&quot;background_background&quot;:&quot;classic&quot;}\">\n\t\t\t<div class=\"elementor-widget-wrap elementor-element-populated\">\n\t\t\t\t\t\t<div class=\"elementor-element elementor-element-f910a30 elementor-widget elementor-widget-heading\" data-id=\"f910a30\" data-element_type=\"widget\" data-widget_type=\"heading.default\">\n\t\t\t\t<div class=\"elementor-widget-container\">\n\t\t\t\t\t<h2 class=\"elementor-heading-title elementor-size-default\">Suscribirme<\/h2>\t\t\t\t<\/div>\n\t\t\t\t<\/div>\n\t\t\t\t<div class=\"elementor-element elementor-element-9ce6f29 elementor-button-align-center elementor-widget elementor-widget-form\" data-id=\"9ce6f29\" data-element_type=\"widget\" data-settings=\"{&quot;step_next_label&quot;:&quot;Next&quot;,&quot;step_previous_label&quot;:&quot;Previous&quot;,&quot;button_width&quot;:&quot;100&quot;,&quot;step_type&quot;:&quot;number_text&quot;,&quot;step_icon_shape&quot;:&quot;circle&quot;}\" data-widget_type=\"form.default\">\n\t\t\t\t<div class=\"elementor-widget-container\">\n\t\t\t\t\t\t\t<form class=\"elementor-form\" method=\"post\" name=\"New Form\" aria-label=\"New Form\">\n\t\t\t<input type=\"hidden\" name=\"post_id\" value=\"1924\"\/>\n\t\t\t<input type=\"hidden\" name=\"form_id\" value=\"9ce6f29\"\/>\n\t\t\t<input type=\"hidden\" name=\"referer_title\" value=\"Blog Jur\u00eddico\" \/>\n\n\t\t\t\t\t\t\t<input type=\"hidden\" name=\"queried_id\" value=\"1924\"\/>\n\t\t\t\n\t\t\t<div class=\"elementor-form-fields-wrapper elementor-labels-above\">\n\t\t\t\t\t\t\t\t<div class=\"elementor-field-type-text elementor-field-group elementor-column elementor-field-group-name elementor-col-100\">\n\t\t\t\t\t\t\t\t\t\t\t\t\t<input size=\"1\" type=\"text\" name=\"form_fields[name]\" id=\"form-field-name\" class=\"elementor-field elementor-size-sm  elementor-field-textual\" placeholder=\"Nombre\">\n\t\t\t\t\t\t\t\t\t\t\t<\/div>\n\t\t\t\t\t\t\t\t<div class=\"elementor-field-type-tel elementor-field-group elementor-column elementor-field-group-email elementor-col-100 elementor-field-required\">\n\t\t\t\t\t\t\t<input size=\"1\" type=\"tel\" name=\"form_fields[email]\" id=\"form-field-email\" class=\"elementor-field elementor-size-sm  elementor-field-textual\" placeholder=\"Tel\u00e9fonno\" required=\"required\" pattern=\"[0-9()#&amp;+*-=.]+\" title=\"Only numbers and phone characters (#, -, *, etc) are accepted.\">\n\n\t\t\t\t\t\t<\/div>\n\t\t\t\t\t\t\t\t<div class=\"elementor-field-type-email elementor-field-group elementor-column elementor-field-group-field_2e021b3 elementor-col-100 elementor-field-required\">\n\t\t\t\t\t\t\t\t\t\t\t\t\t<input size=\"1\" type=\"email\" name=\"form_fields[field_2e021b3]\" id=\"form-field-field_2e021b3\" class=\"elementor-field elementor-size-sm  elementor-field-textual\" placeholder=\"Correo\" required=\"required\">\n\t\t\t\t\t\t\t\t\t\t\t<\/div>\n\t\t\t\t\t\t\t\t<div class=\"elementor-field-group elementor-column elementor-field-type-submit elementor-col-100 e-form__buttons\">\n\t\t\t\t\t<button class=\"elementor-button elementor-size-sm\" type=\"submit\">\n\t\t\t\t\t\t<span class=\"elementor-button-content-wrapper\">\n\t\t\t\t\t\t\t\t\t\t\t\t\t\t\t\t\t\t\t\t\t\t<span class=\"elementor-button-text\">Enviar<\/span>\n\t\t\t\t\t\t\t\t\t\t\t\t\t<\/span>\n\t\t\t\t\t<\/button>\n\t\t\t\t<\/div>\n\t\t\t<\/div>\n\t\t<\/form>\n\t\t\t\t\t\t<\/div>\n\t\t\t\t<\/div>\n\t\t\t\t\t<\/div>\n\t\t<\/div>\n\t\t\t\t\t<\/div>\n\t\t<\/section>\n\t\t\t\t<section class=\"elementor-section elementor-top-section elementor-element elementor-element-962f096 elementor-section-boxed elementor-section-height-default elementor-section-height-default\" data-id=\"962f096\" data-element_type=\"section\">\n\t\t\t\t\t\t<div class=\"elementor-container elementor-column-gap-default\">\n\t\t\t\t\t<div class=\"elementor-column elementor-col-100 elementor-top-column elementor-element elementor-element-3e52e69\" data-id=\"3e52e69\" data-element_type=\"column\">\n\t\t\t<div class=\"elementor-widget-wrap elementor-element-populated\">\n\t\t\t\t\t\t\t<\/div>\n\t\t<\/div>\n\t\t\t\t\t<\/div>\n\t\t<\/section>\n\t\t\t\t<section class=\"elementor-section elementor-top-section elementor-element elementor-element-6e4ebec elementor-section-boxed elementor-section-height-default elementor-section-height-default\" data-id=\"6e4ebec\" data-element_type=\"section\">\n\t\t\t\t\t\t<div class=\"elementor-container elementor-column-gap-default\">\n\t\t\t\t\t<div class=\"elementor-column elementor-col-100 elementor-top-column elementor-element elementor-element-953eb96\" data-id=\"953eb96\" data-element_type=\"column\">\n\t\t\t<div class=\"elementor-widget-wrap elementor-element-populated\">\n\t\t\t\t\t\t<div class=\"elementor-element elementor-element-391a06a elementor-grid-3 elementor-grid-tablet-2 elementor-grid-mobile-1 elementor-posts--thumbnail-top elementor-widget elementor-widget-posts\" data-id=\"391a06a\" data-element_type=\"widget\" data-settings=\"{&quot;classic_row_gap&quot;:{&quot;unit&quot;:&quot;px&quot;,&quot;size&quot;:6,&quot;sizes&quot;:[]},&quot;classic_columns&quot;:&quot;3&quot;,&quot;classic_columns_tablet&quot;:&quot;2&quot;,&quot;classic_columns_mobile&quot;:&quot;1&quot;,&quot;classic_row_gap_widescreen&quot;:{&quot;unit&quot;:&quot;px&quot;,&quot;size&quot;:&quot;&quot;,&quot;sizes&quot;:[]},&quot;classic_row_gap_laptop&quot;:{&quot;unit&quot;:&quot;px&quot;,&quot;size&quot;:&quot;&quot;,&quot;sizes&quot;:[]},&quot;classic_row_gap_tablet_extra&quot;:{&quot;unit&quot;:&quot;px&quot;,&quot;size&quot;:&quot;&quot;,&quot;sizes&quot;:[]},&quot;classic_row_gap_tablet&quot;:{&quot;unit&quot;:&quot;px&quot;,&quot;size&quot;:&quot;&quot;,&quot;sizes&quot;:[]},&quot;classic_row_gap_mobile_extra&quot;:{&quot;unit&quot;:&quot;px&quot;,&quot;size&quot;:&quot;&quot;,&quot;sizes&quot;:[]},&quot;classic_row_gap_mobile&quot;:{&quot;unit&quot;:&quot;px&quot;,&quot;size&quot;:&quot;&quot;,&quot;sizes&quot;:[]}}\" data-widget_type=\"posts.classic\">\n\t\t\t\t<div class=\"elementor-widget-container\">\n\t\t\t\t\t\t\t<div class=\"elementor-posts-container elementor-posts elementor-posts--skin-classic elementor-grid\" role=\"list\">\n\t\t\t\t<article class=\"elementor-post elementor-grid-item post-1980 post type-post status-publish format-standard has-post-thumbnail hentry category-sin-categoria\" role=\"listitem\">\n\t\t\t\t<a class=\"elementor-post__thumbnail__link\" href=\"https:\/\/growthlegalinfrastructure.com\/index.php\/2025\/08\/08\/modernizar-la-infraestructura-empieza-por-el-contrato-el-paso-que-dio-el-peru-y-la-oportunidad-para-colombia\/\" tabindex=\"-1\" >\n\t\t\t<div class=\"elementor-post__thumbnail\"><img decoding=\"async\" width=\"300\" height=\"150\" src=\"https:\/\/growthlegalinfrastructure.com\/wp-content\/uploads\/2025\/08\/Infraestructura-1-300x150.jpg\" class=\"attachment-medium size-medium wp-image-3423\" alt=\"\" srcset=\"https:\/\/growthlegalinfrastructure.com\/wp-content\/uploads\/2025\/08\/Infraestructura-1-300x150.jpg 300w, https:\/\/growthlegalinfrastructure.com\/wp-content\/uploads\/2025\/08\/Infraestructura-1.jpg 500w\" sizes=\"(max-width: 300px) 100vw, 300px\" \/><\/div>\n\t\t<\/a>\n\t\t\t\t<div class=\"elementor-post__text\">\n\t\t\t\t<h3 class=\"elementor-post__title\">\n\t\t\t<a href=\"https:\/\/growthlegalinfrastructure.com\/index.php\/2025\/08\/08\/modernizar-la-infraestructura-empieza-por-el-contrato-el-paso-que-dio-el-peru-y-la-oportunidad-para-colombia\/\" >\n\t\t\t\tModernizar la infraestructura empieza por el contrato: El paso que dio el Per\u00fa y la oportunidad para Colombia.\t\t\t<\/a>\n\t\t<\/h3>\n\t\t\t\t<div class=\"elementor-post__meta-data\">\n\t\t\t\t\t<span class=\"elementor-post-date\">\n\t\t\t8 agosto, 2025\t\t<\/span>\n\t\t\t\t<span class=\"elementor-post-avatar\">\n\t\t\tNo hay comentarios\t\t<\/span>\n\t\t\t\t<\/div>\n\t\t\t\t<div class=\"elementor-post__excerpt\">\n\t\t\t<p>Modernizar la infraestructura empieza por el contrato: El paso que dio Per\u00fa y la oportunidad para Colombia. No siempre es el presupuesto. Tampoco es la<\/p>\n\t\t<\/div>\n\t\t\n\t\t<a class=\"elementor-post__read-more\" href=\"https:\/\/growthlegalinfrastructure.com\/index.php\/2025\/08\/08\/modernizar-la-infraestructura-empieza-por-el-contrato-el-paso-que-dio-el-peru-y-la-oportunidad-para-colombia\/\" aria-label=\"Read more about Modernizar la infraestructura empieza por el contrato: El paso que dio el Per\u00fa y la oportunidad para Colombia.\" tabindex=\"-1\" >\n\t\t\tRead More \u00bb\t\t<\/a>\n\n\t\t\t\t<\/div>\n\t\t\t\t<\/article>\n\t\t\t\t<article class=\"elementor-post elementor-grid-item post-1974 post type-post status-publish format-standard has-post-thumbnail hentry category-sin-categoria\" role=\"listitem\">\n\t\t\t\t<a class=\"elementor-post__thumbnail__link\" href=\"https:\/\/growthlegalinfrastructure.com\/index.php\/2025\/08\/08\/esta-colombia-lista-para-los-dispute-boards\/\" tabindex=\"-1\" >\n\t\t\t<div class=\"elementor-post__thumbnail\"><img decoding=\"async\" width=\"300\" height=\"150\" src=\"https:\/\/growthlegalinfrastructure.com\/wp-content\/uploads\/2025\/08\/Articulo-300x150.jpg\" class=\"attachment-medium size-medium wp-image-3422\" alt=\"\" srcset=\"https:\/\/growthlegalinfrastructure.com\/wp-content\/uploads\/2025\/08\/Articulo-300x150.jpg 300w, https:\/\/growthlegalinfrastructure.com\/wp-content\/uploads\/2025\/08\/Articulo.jpg 500w\" sizes=\"(max-width: 300px) 100vw, 300px\" \/><\/div>\n\t\t<\/a>\n\t\t\t\t<div class=\"elementor-post__text\">\n\t\t\t\t<h3 class=\"elementor-post__title\">\n\t\t\t<a href=\"https:\/\/growthlegalinfrastructure.com\/index.php\/2025\/08\/08\/esta-colombia-lista-para-los-dispute-boards\/\" >\n\t\t\t\t\u00bfEst\u00e1 Colombia lista para los Dispute Boards?\t\t\t<\/a>\n\t\t<\/h3>\n\t\t\t\t<div class=\"elementor-post__meta-data\">\n\t\t\t\t\t<span class=\"elementor-post-date\">\n\t\t\t8 agosto, 2025\t\t<\/span>\n\t\t\t\t<span class=\"elementor-post-avatar\">\n\t\t\tNo hay comentarios\t\t<\/span>\n\t\t\t\t<\/div>\n\t\t\t\t<div class=\"elementor-post__excerpt\">\n\t\t\t<p>\u00bfEst\u00e1 Colombia lista para los Dispute Boards? Una lecci\u00f3n clave desde Per\u00fa para transformar la resoluci\u00f3n de conflictos en infraestructura 1.Introducci\u00f3n &#8211; Conceptos En el<\/p>\n\t\t<\/div>\n\t\t\n\t\t<a class=\"elementor-post__read-more\" href=\"https:\/\/growthlegalinfrastructure.com\/index.php\/2025\/08\/08\/esta-colombia-lista-para-los-dispute-boards\/\" aria-label=\"Read more about \u00bfEst\u00e1 Colombia lista para los Dispute Boards?\" tabindex=\"-1\" >\n\t\t\tRead More \u00bb\t\t<\/a>\n\n\t\t\t\t<\/div>\n\t\t\t\t<\/article>\n\t\t\t\t<article class=\"elementor-post elementor-grid-item post-1958 post type-post status-publish format-standard has-post-thumbnail hentry category-sin-categoria\" role=\"listitem\">\n\t\t\t\t<a class=\"elementor-post__thumbnail__link\" href=\"https:\/\/growthlegalinfrastructure.com\/index.php\/2025\/08\/08\/articulo-concesiones-de-5g-contratos-economicos-e-inteligencia-artificial\/\" tabindex=\"-1\" >\n\t\t\t<div class=\"elementor-post__thumbnail\"><img loading=\"lazy\" decoding=\"async\" width=\"300\" height=\"150\" src=\"https:\/\/growthlegalinfrastructure.com\/wp-content\/uploads\/2025\/08\/Vias-5g-1-300x150.jpg\" class=\"attachment-medium size-medium wp-image-3424\" alt=\"\" srcset=\"https:\/\/growthlegalinfrastructure.com\/wp-content\/uploads\/2025\/08\/Vias-5g-1-300x150.jpg 300w, https:\/\/growthlegalinfrastructure.com\/wp-content\/uploads\/2025\/08\/Vias-5g-1.jpg 500w\" sizes=\"(max-width: 300px) 100vw, 300px\" \/><\/div>\n\t\t<\/a>\n\t\t\t\t<div class=\"elementor-post__text\">\n\t\t\t\t<h3 class=\"elementor-post__title\">\n\t\t\t<a href=\"https:\/\/growthlegalinfrastructure.com\/index.php\/2025\/08\/08\/articulo-concesiones-de-5g-contratos-economicos-e-inteligencia-artificial\/\" >\n\t\t\t\tArt\u00edculo concesiones de 5G, contratos econ\u00f3micos e inteligencia artificial\t\t\t<\/a>\n\t\t<\/h3>\n\t\t\t\t<div class=\"elementor-post__meta-data\">\n\t\t\t\t\t<span class=\"elementor-post-date\">\n\t\t\t8 agosto, 2025\t\t<\/span>\n\t\t\t\t<span class=\"elementor-post-avatar\">\n\t\t\tNo hay comentarios\t\t<\/span>\n\t\t\t\t<\/div>\n\t\t\t\t<div class=\"elementor-post__excerpt\">\n\t\t\t<p>Art\u00edculo concesiones de 5G contratos econ\u00f3micos e inteligencia artificial 1.1 Teor\u00eda de contratos La teor\u00eda de contratos es fundamental para entender la manera en la<\/p>\n\t\t<\/div>\n\t\t\n\t\t<a class=\"elementor-post__read-more\" href=\"https:\/\/growthlegalinfrastructure.com\/index.php\/2025\/08\/08\/articulo-concesiones-de-5g-contratos-economicos-e-inteligencia-artificial\/\" aria-label=\"Read more about Art\u00edculo concesiones de 5G, contratos econ\u00f3micos e inteligencia artificial\" tabindex=\"-1\" >\n\t\t\tRead More \u00bb\t\t<\/a>\n\n\t\t\t\t<\/div>\n\t\t\t\t<\/article>\n\t\t\t\t<\/div>\n\t\t\n\t\t\t\t\t\t<\/div>\n\t\t\t\t<\/div>\n\t\t\t\t\t<\/div>\n\t\t<\/div>\n\t\t\t\t\t<\/div>\n\t\t<\/section>\n\t\t\t\t<\/div>\n\t\t","protected":false},"excerpt":{"rendered":"<p>Blog t\u00e9cnico &#8211; Jur\u00eddico Estilo t\u00e9cnico &#8211; jur\u00eddico Contenidos legales con enfoque t\u00e9cnico para el mundo de la infraestructura An\u00e1lisis especializados, opini\u00f3n jur\u00eddica estrat\u00e9gica y publicaciones educativas para operadores, contratistas y asesores del sector Introducci\u00f3n En Growth Legal Infrastructure creemos que el conocimiento jur\u00eddico debe ser compartido, debatido y actualizado constantemente. Por eso creamos este [&hellip;]<\/p>\n","protected":false},"author":2,"featured_media":0,"parent":0,"menu_order":0,"comment_status":"closed","ping_status":"closed","template":"","meta":{"footnotes":""},"class_list":["post-1924","page","type-page","status-publish","hentry"],"_links":{"self":[{"href":"https:\/\/growthlegalinfrastructure.com\/index.php\/wp-json\/wp\/v2\/pages\/1924","targetHints":{"allow":["GET"]}}],"collection":[{"href":"https:\/\/growthlegalinfrastructure.com\/index.php\/wp-json\/wp\/v2\/pages"}],"about":[{"href":"https:\/\/growthlegalinfrastructure.com\/index.php\/wp-json\/wp\/v2\/types\/page"}],"author":[{"embeddable":true,"href":"https:\/\/growthlegalinfrastructure.com\/index.php\/wp-json\/wp\/v2\/users\/2"}],"replies":[{"embeddable":true,"href":"https:\/\/growthlegalinfrastructure.com\/index.php\/wp-json\/wp\/v2\/comments?post=1924"}],"version-history":[{"count":56,"href":"https:\/\/growthlegalinfrastructure.com\/index.php\/wp-json\/wp\/v2\/pages\/1924\/revisions"}],"predecessor-version":[{"id":4589,"href":"https:\/\/growthlegalinfrastructure.com\/index.php\/wp-json\/wp\/v2\/pages\/1924\/revisions\/4589"}],"wp:attachment":[{"href":"https:\/\/growthlegalinfrastructure.com\/index.php\/wp-json\/wp\/v2\/media?parent=1924"}],"curies":[{"name":"wp","href":"https:\/\/api.w.org\/{rel}","templated":true}]}}